{"id":292,"date":"2023-11-09T06:03:00","date_gmt":"2023-11-09T06:03:00","guid":{"rendered":"https:\/\/www.ladameblanche-knokke.be\/contact\/"},"modified":"2023-11-15T19:32:03","modified_gmt":"2023-11-15T19:32:03","slug":"contact","status":"publish","type":"page","link":"https:\/\/www.ladameblanche-knokke.be\/fr\/contact\/","title":{"rendered":"Contact"},"content":{"rendered":"\t\t<div data-elementor-type=\"wp-page\" data-elementor-id=\"292\" class=\"elementor elementor-292 elementor-32\" data-elementor-post-type=\"page\">\n\t\t\t\t<div class=\"elementor-element elementor-element-f6de483 e-flex e-con-boxed e-con e-parent\" data-id=\"f6de483\" data-element_type=\"container\" data-e-type=\"container\" data-settings=\"{&quot;background_background&quot;:&quot;classic&quot;,&quot;background_motion_fx_motion_fx_scrolling&quot;:&quot;yes&quot;,&quot;background_motion_fx_translateY_effect&quot;:&quot;yes&quot;,&quot;background_motion_fx_translateY_speed&quot;:{&quot;unit&quot;:&quot;px&quot;,&quot;size&quot;:4,&quot;sizes&quot;:[]},&quot;background_motion_fx_translateY_affectedRange&quot;:{&quot;unit&quot;:&quot;%&quot;,&quot;size&quot;:&quot;&quot;,&quot;sizes&quot;:{&quot;start&quot;:0,&quot;end&quot;:100}},&quot;background_motion_fx_devices&quot;:[&quot;desktop&quot;,&quot;tablet&quot;,&quot;mobile&quot;]}\">\n\t\t\t\t\t<div class=\"e-con-inner\">\n\t\t\t\t\t<\/div>\n\t\t\t\t<\/div>\n\t\t<div class=\"elementor-element elementor-element-280d9a1 animated-slow e-flex e-con-boxed elementor-invisible e-con e-parent\" data-id=\"280d9a1\" data-element_type=\"container\" data-e-type=\"container\" data-settings=\"{&quot;animation&quot;:&quot;fadeIn&quot;}\">\n\t\t\t\t\t<div class=\"e-con-inner\">\n\t\t<div class=\"elementor-element elementor-element-067a30b e-con-full e-flex e-con e-child\" data-id=\"067a30b\" data-element_type=\"container\" data-e-type=\"container\">\n\t\t\t\t<div class=\"elementor-element elementor-element-b57f3de elementor-widget__width-initial e-transform elementor-view-default elementor-position-block-start elementor-mobile-position-block-start elementor-widget elementor-widget-icon-box\" data-id=\"b57f3de\" data-element_type=\"widget\" data-e-type=\"widget\" data-settings=\"{&quot;_transform_scale_effect_hover&quot;:{&quot;unit&quot;:&quot;px&quot;,&quot;size&quot;:1.1,&quot;sizes&quot;:[]},&quot;_transform_scale_effect_hover_tablet&quot;:{&quot;unit&quot;:&quot;px&quot;,&quot;size&quot;:&quot;&quot;,&quot;sizes&quot;:[]},&quot;_transform_scale_effect_hover_mobile&quot;:{&quot;unit&quot;:&quot;px&quot;,&quot;size&quot;:&quot;&quot;,&quot;sizes&quot;:[]}}\" data-widget_type=\"icon-box.default\">\n\t\t\t\t<div class=\"elementor-widget-container\">\n\t\t\t\t\t\t\t<div class=\"elementor-icon-box-wrapper\">\n\n\t\t\t\t\t\t<div class=\"elementor-icon-box-icon\">\n\t\t\t\t<a href=\"https:\/\/maps.app.goo.gl\/hXfs5S2YPtvyB8p67\" target=\"_blank\" class=\"elementor-icon\" tabindex=\"-1\" aria-label=\"Adresse\">\n\t\t\t\t<i aria-hidden=\"true\" class=\"icon icon-map-marker\"><\/i>\t\t\t\t<\/a>\n\t\t\t<\/div>\n\t\t\t\n\t\t\t\t\t\t<div class=\"elementor-icon-box-content\">\n\n\t\t\t\t\t\t\t\t\t<h3 class=\"elementor-icon-box-title\">\n\t\t\t\t\t\t<a href=\"https:\/\/maps.app.goo.gl\/hXfs5S2YPtvyB8p67\" target=\"_blank\" >\n\t\t\t\t\t\t\tAdresse\t\t\t\t\t\t<\/a>\n\t\t\t\t\t<\/h3>\n\t\t\t\t\n\t\t\t\t\t\t\t\t\t<p class=\"elementor-icon-box-description\">\n\t\t\t\t\t\tLippenslaan 133,  8300 Knokke-Heist\t\t\t\t\t<\/p>\n\t\t\t\t\n\t\t\t<\/div>\n\t\t\t\n\t\t<\/div>\n\t\t\t\t\t\t<\/div>\n\t\t\t\t<\/div>\n\t\t\t\t<div class=\"elementor-element elementor-element-434ac20 elementor-widget__width-initial e-transform elementor-view-default elementor-position-block-start elementor-mobile-position-block-start elementor-widget elementor-widget-icon-box\" data-id=\"434ac20\" data-element_type=\"widget\" data-e-type=\"widget\" data-settings=\"{&quot;_transform_scale_effect_hover&quot;:{&quot;unit&quot;:&quot;px&quot;,&quot;size&quot;:1.1,&quot;sizes&quot;:[]},&quot;_transform_scale_effect_hover_tablet&quot;:{&quot;unit&quot;:&quot;px&quot;,&quot;size&quot;:&quot;&quot;,&quot;sizes&quot;:[]},&quot;_transform_scale_effect_hover_mobile&quot;:{&quot;unit&quot;:&quot;px&quot;,&quot;size&quot;:&quot;&quot;,&quot;sizes&quot;:[]}}\" data-widget_type=\"icon-box.default\">\n\t\t\t\t<div class=\"elementor-widget-container\">\n\t\t\t\t\t\t\t<div class=\"elementor-icon-box-wrapper\">\n\n\t\t\t\t\t\t<div class=\"elementor-icon-box-icon\">\n\t\t\t\t<a href=\"tel:003250607179\" class=\"elementor-icon\" tabindex=\"-1\" aria-label=\"T\u00e9l\u00e9phone\">\n\t\t\t\t<i aria-hidden=\"true\" class=\"icon icon-phone1\"><\/i>\t\t\t\t<\/a>\n\t\t\t<\/div>\n\t\t\t\n\t\t\t\t\t\t<div class=\"elementor-icon-box-content\">\n\n\t\t\t\t\t\t\t\t\t<h3 class=\"elementor-icon-box-title\">\n\t\t\t\t\t\t<a href=\"tel:003250607179\" >\n\t\t\t\t\t\t\tT\u00e9l\u00e9phone\t\t\t\t\t\t<\/a>\n\t\t\t\t\t<\/h3>\n\t\t\t\t\n\t\t\t\t\t\t\t\t\t<p class=\"elementor-icon-box-description\">\n\t\t\t\t\t\t+32 50 60 71 79\t\t\t\t\t<\/p>\n\t\t\t\t\n\t\t\t<\/div>\n\t\t\t\n\t\t<\/div>\n\t\t\t\t\t\t<\/div>\n\t\t\t\t<\/div>\n\t\t\t\t<div class=\"elementor-element elementor-element-8223996 elementor-widget__width-initial e-transform elementor-view-default elementor-position-block-start elementor-mobile-position-block-start elementor-widget elementor-widget-icon-box\" data-id=\"8223996\" data-element_type=\"widget\" data-e-type=\"widget\" data-settings=\"{&quot;_transform_scale_effect_hover&quot;:{&quot;unit&quot;:&quot;px&quot;,&quot;size&quot;:1.1,&quot;sizes&quot;:[]},&quot;_transform_scale_effect_hover_tablet&quot;:{&quot;unit&quot;:&quot;px&quot;,&quot;size&quot;:&quot;&quot;,&quot;sizes&quot;:[]},&quot;_transform_scale_effect_hover_mobile&quot;:{&quot;unit&quot;:&quot;px&quot;,&quot;size&quot;:&quot;&quot;,&quot;sizes&quot;:[]}}\" data-widget_type=\"icon-box.default\">\n\t\t\t\t<div class=\"elementor-widget-container\">\n\t\t\t\t\t\t\t<div class=\"elementor-icon-box-wrapper\">\n\n\t\t\t\t\t\t<div class=\"elementor-icon-box-icon\">\n\t\t\t\t<a href=\"mailto:ladameblanche@skynet.be\" class=\"elementor-icon\" tabindex=\"-1\" aria-label=\"E-mail\">\n\t\t\t\t<i aria-hidden=\"true\" class=\"icon icon-email\"><\/i>\t\t\t\t<\/a>\n\t\t\t<\/div>\n\t\t\t\n\t\t\t\t\t\t<div class=\"elementor-icon-box-content\">\n\n\t\t\t\t\t\t\t\t\t<h3 class=\"elementor-icon-box-title\">\n\t\t\t\t\t\t<a href=\"mailto:ladameblanche@skynet.be\" >\n\t\t\t\t\t\t\tE-mail\t\t\t\t\t\t<\/a>\n\t\t\t\t\t<\/h3>\n\t\t\t\t\n\t\t\t\t\t\t\t\t\t<p class=\"elementor-icon-box-description\">\n\t\t\t\t\t\tladameblanche@skynet.be\t\t\t\t\t<\/p>\n\t\t\t\t\n\t\t\t<\/div>\n\t\t\t\n\t\t<\/div>\n\t\t\t\t\t\t<\/div>\n\t\t\t\t<\/div>\n\t\t\t\t<div class=\"elementor-element elementor-element-8c844f8 elementor-widget__width-initial e-transform elementor-view-default elementor-position-block-start elementor-mobile-position-block-start elementor-widget elementor-widget-icon-box\" data-id=\"8c844f8\" data-element_type=\"widget\" data-e-type=\"widget\" data-settings=\"{&quot;_transform_scale_effect_hover&quot;:{&quot;unit&quot;:&quot;px&quot;,&quot;size&quot;:1,&quot;sizes&quot;:[]},&quot;_transform_scale_effect_hover_tablet&quot;:{&quot;unit&quot;:&quot;px&quot;,&quot;size&quot;:&quot;&quot;,&quot;sizes&quot;:[]},&quot;_transform_scale_effect_hover_mobile&quot;:{&quot;unit&quot;:&quot;px&quot;,&quot;size&quot;:&quot;&quot;,&quot;sizes&quot;:[]}}\" data-widget_type=\"icon-box.default\">\n\t\t\t\t<div class=\"elementor-widget-container\">\n\t\t\t\t\t\t\t<div class=\"elementor-icon-box-wrapper\">\n\n\t\t\t\t\t\t<div class=\"elementor-icon-box-icon\">\n\t\t\t\t<span  class=\"elementor-icon\">\n\t\t\t\t<i aria-hidden=\"true\" class=\"icon icon-home2\"><\/i>\t\t\t\t<\/span>\n\t\t\t<\/div>\n\t\t\t\n\t\t\t\t\t\t<div class=\"elementor-icon-box-content\">\n\n\t\t\t\t\t\t\t\t\t<h3 class=\"elementor-icon-box-title\">\n\t\t\t\t\t\t<span  >\n\t\t\t\t\t\t\tTVA \t\t\t\t\t\t<\/span>\n\t\t\t\t\t<\/h3>\n\t\t\t\t\n\t\t\t\t\t\t\t\t\t<p class=\"elementor-icon-box-description\">\n\t\t\t\t\t\t 0476541402\t\t\t\t\t<\/p>\n\t\t\t\t\n\t\t\t<\/div>\n\t\t\t\n\t\t<\/div>\n\t\t\t\t\t\t<\/div>\n\t\t\t\t<\/div>\n\t\t\t\t<\/div>\n\t\t\t\t\t<\/div>\n\t\t\t\t<\/div>\n\t\t<div class=\"elementor-element elementor-element-ebe2a6e animated-slow e-flex e-con-boxed elementor-invisible e-con e-parent\" data-id=\"ebe2a6e\" data-element_type=\"container\" data-e-type=\"container\" data-settings=\"{&quot;animation&quot;:&quot;fadeIn&quot;}\">\n\t\t\t\t\t<div class=\"e-con-inner\">\n\t\t<div class=\"elementor-element elementor-element-cdf8aed e-con-full e-flex e-con e-child\" data-id=\"cdf8aed\" data-element_type=\"container\" data-e-type=\"container\">\n\t\t\t\t<div class=\"elementor-element elementor-element-bca8b17 elementor-widget elementor-widget-google_maps\" data-id=\"bca8b17\" data-element_type=\"widget\" data-e-type=\"widget\" data-widget_type=\"google_maps.default\">\n\t\t\t\t<div class=\"elementor-widget-container\">\n\t\t\t\t\t\t\t<div class=\"elementor-custom-embed\">\n\t\t\t<iframe loading=\"lazy\"\n\t\t\t\t\tsrc=\"https:\/\/maps.google.com\/maps?q=La%20Dame%20Blanche%2C%20Lippenslaan%20133%2C%208300%20Knokke&#038;t=m&#038;z=15&#038;output=embed&#038;iwloc=near\"\n\t\t\t\t\ttitle=\"La Dame Blanche, Lippenslaan 133, 8300 Knokke\"\n\t\t\t\t\taria-label=\"La Dame Blanche, Lippenslaan 133, 8300 Knokke\"\n\t\t\t><\/iframe>\n\t\t<\/div>\n\t\t\t\t\t\t<\/div>\n\t\t\t\t<\/div>\n\t\t\t\t<\/div>\n\t\t<div class=\"elementor-element elementor-element-6ee8249 e-con-full e-flex e-con e-child\" data-id=\"6ee8249\" data-element_type=\"container\" data-e-type=\"container\" data-settings=\"{&quot;background_background&quot;:&quot;classic&quot;}\">\n\t\t\t\t<div class=\"elementor-element elementor-element-bfd6538 elementor-widget elementor-widget-heading\" data-id=\"bfd6538\" data-element_type=\"widget\" data-e-type=\"widget\" data-widget_type=\"heading.default\">\n\t\t\t\t<div class=\"elementor-widget-container\">\n\t\t\t\t\t<h3 class=\"elementor-heading-title elementor-size-default\">Heures d'ouverture<\/h3>\t\t\t\t<\/div>\n\t\t\t\t<\/div>\n\t\t\t\t<div class=\"elementor-element elementor-element-ddd802e elementor-align-center elementor-mobile-align-center elementor-icon-list--layout-traditional elementor-list-item-link-full_width elementor-widget elementor-widget-icon-list\" data-id=\"ddd802e\" data-element_type=\"widget\" data-e-type=\"widget\" data-widget_type=\"icon-list.default\">\n\t\t\t\t<div class=\"elementor-widget-container\">\n\t\t\t\t\t\t\t<ul class=\"elementor-icon-list-items\">\n\t\t\t\t\t\t\t<li class=\"elementor-icon-list-item\">\n\t\t\t\t\t\t\t\t\t\t<span class=\"elementor-icon-list-text\">Lu, ma &amp; me: 12:00 - 14:30 &amp; 17:30 - 21:30<\/span>\n\t\t\t\t\t\t\t\t\t<\/li>\n\t\t\t\t\t\t\t\t<li class=\"elementor-icon-list-item\">\n\t\t\t\t\t\t\t\t\t\t<span class=\"elementor-icon-list-text\">Jeudi  Fermeture<\/span>\n\t\t\t\t\t\t\t\t\t<\/li>\n\t\t\t\t\t\t\t\t<li class=\"elementor-icon-list-item\">\n\t\t\t\t\t\t\t\t\t\t<span class=\"elementor-icon-list-text\">Ve, sa &amp; di: 12:00 - 14:30 &amp; 17:30 - 21:30<\/span>\n\t\t\t\t\t\t\t\t\t<\/li>\n\t\t\t\t\t\t<\/ul>\n\t\t\t\t\t\t<\/div>\n\t\t\t\t<\/div>\n\t\t\t\t<\/div>\n\t\t\t\t\t<\/div>\n\t\t\t\t<\/div>\n\t\t<div class=\"elementor-element elementor-element-30c0389 e-con-full elementor-hidden-desktop elementor-hidden-tablet elementor-hidden-mobile e-flex e-con e-parent\" data-id=\"30c0389\" data-element_type=\"container\" data-e-type=\"container\" data-settings=\"{&quot;background_background&quot;:&quot;classic&quot;}\">\n\t\t<div class=\"elementor-element elementor-element-188c08f e-con-full e-flex e-con e-child\" data-id=\"188c08f\" data-element_type=\"container\" data-e-type=\"container\">\n\t\t\t\t<div class=\"elementor-element elementor-element-70fd91f elementor-widget elementor-widget-image\" data-id=\"70fd91f\" data-element_type=\"widget\" data-e-type=\"widget\" data-widget_type=\"image.default\">\n\t\t\t\t<div class=\"elementor-widget-container\">\n\t\t\t\t\t\t\t\t\t\t\t\t\t\t\t<img fetchpriority=\"high\" decoding=\"async\" width=\"800\" height=\"534\" src=\"https:\/\/www.ladameblanche-knokke.be\/wp-content\/uploads\/2023\/11\/La-Dame-Blanche-2-1024x683.jpg\" class=\"attachment-large size-large wp-image-272\" alt=\"\" srcset=\"https:\/\/www.ladameblanche-knokke.be\/wp-content\/uploads\/2023\/11\/La-Dame-Blanche-2-1024x683.jpg 1024w, https:\/\/www.ladameblanche-knokke.be\/wp-content\/uploads\/2023\/11\/La-Dame-Blanche-2-300x200.jpg 300w, https:\/\/www.ladameblanche-knokke.be\/wp-content\/uploads\/2023\/11\/La-Dame-Blanche-2-768x512.jpg 768w, https:\/\/www.ladameblanche-knokke.be\/wp-content\/uploads\/2023\/11\/La-Dame-Blanche-2-1536x1024.jpg 1536w, https:\/\/www.ladameblanche-knokke.be\/wp-content\/uploads\/2023\/11\/La-Dame-Blanche-2.jpg 1800w\" sizes=\"(max-width: 800px) 100vw, 800px\" \/>\t\t\t\t\t\t\t\t\t\t\t\t\t\t\t<\/div>\n\t\t\t\t<\/div>\n\t\t\t\t<\/div>\n\t\t<div class=\"elementor-element elementor-element-af36305 e-con-full e-flex e-con e-child\" data-id=\"af36305\" data-element_type=\"container\" data-e-type=\"container\">\n\t\t\t\t<div class=\"elementor-element elementor-element-912d57a elementor-widget elementor-widget-image\" data-id=\"912d57a\" data-element_type=\"widget\" data-e-type=\"widget\" data-widget_type=\"image.default\">\n\t\t\t\t<div class=\"elementor-widget-container\">\n\t\t\t\t\t\t\t\t\t\t\t\t\t\t\t<img decoding=\"async\" width=\"800\" height=\"534\" src=\"https:\/\/www.ladameblanche-knokke.be\/wp-content\/uploads\/2023\/11\/La-Dame-Blanche-8-1024x683.jpg\" class=\"attachment-large size-large wp-image-278\" alt=\"\" srcset=\"https:\/\/www.ladameblanche-knokke.be\/wp-content\/uploads\/2023\/11\/La-Dame-Blanche-8-1024x683.jpg 1024w, https:\/\/www.ladameblanche-knokke.be\/wp-content\/uploads\/2023\/11\/La-Dame-Blanche-8-300x200.jpg 300w, https:\/\/www.ladameblanche-knokke.be\/wp-content\/uploads\/2023\/11\/La-Dame-Blanche-8-768x512.jpg 768w, https:\/\/www.ladameblanche-knokke.be\/wp-content\/uploads\/2023\/11\/La-Dame-Blanche-8-1536x1024.jpg 1536w, https:\/\/www.ladameblanche-knokke.be\/wp-content\/uploads\/2023\/11\/La-Dame-Blanche-8.jpg 1800w\" sizes=\"(max-width: 800px) 100vw, 800px\" \/>\t\t\t\t\t\t\t\t\t\t\t\t\t\t\t<\/div>\n\t\t\t\t<\/div>\n\t\t\t\t<\/div>\n\t\t<div class=\"elementor-element elementor-element-7831256 e-con-full e-flex e-con e-child\" data-id=\"7831256\" data-element_type=\"container\" data-e-type=\"container\">\n\t\t\t\t<div class=\"elementor-element elementor-element-8ef6442 elementor-widget elementor-widget-image\" data-id=\"8ef6442\" data-element_type=\"widget\" data-e-type=\"widget\" data-widget_type=\"image.default\">\n\t\t\t\t<div class=\"elementor-widget-container\">\n\t\t\t\t\t\t\t\t\t\t\t\t\t\t\t<img decoding=\"async\" width=\"800\" height=\"534\" src=\"https:\/\/www.ladameblanche-knokke.be\/wp-content\/uploads\/2023\/11\/La-Dame-Blanche-1-1024x683.jpg\" class=\"attachment-large size-large wp-image-271\" alt=\"\" srcset=\"https:\/\/www.ladameblanche-knokke.be\/wp-content\/uploads\/2023\/11\/La-Dame-Blanche-1-1024x683.jpg 1024w, https:\/\/www.ladameblanche-knokke.be\/wp-content\/uploads\/2023\/11\/La-Dame-Blanche-1-300x200.jpg 300w, https:\/\/www.ladameblanche-knokke.be\/wp-content\/uploads\/2023\/11\/La-Dame-Blanche-1-768x512.jpg 768w, https:\/\/www.ladameblanche-knokke.be\/wp-content\/uploads\/2023\/11\/La-Dame-Blanche-1-1536x1024.jpg 1536w, https:\/\/www.ladameblanche-knokke.be\/wp-content\/uploads\/2023\/11\/La-Dame-Blanche-1.jpg 1800w\" sizes=\"(max-width: 800px) 100vw, 800px\" \/>\t\t\t\t\t\t\t\t\t\t\t\t\t\t\t<\/div>\n\t\t\t\t<\/div>\n\t\t\t\t<\/div>\n\t\t<div class=\"elementor-element elementor-element-e40b3c4 e-con-full e-flex e-con e-child\" data-id=\"e40b3c4\" data-element_type=\"container\" data-e-type=\"container\">\n\t\t\t\t<div class=\"elementor-element elementor-element-2be1d2e elementor-widget elementor-widget-image\" data-id=\"2be1d2e\" data-element_type=\"widget\" data-e-type=\"widget\" data-widget_type=\"image.default\">\n\t\t\t\t<div class=\"elementor-widget-container\">\n\t\t\t\t\t\t\t\t\t\t\t\t\t\t\t<img loading=\"lazy\" decoding=\"async\" width=\"800\" height=\"534\" src=\"https:\/\/www.ladameblanche-knokke.be\/wp-content\/uploads\/2023\/11\/La-Dame-Blanche-15-1024x683.jpg\" class=\"attachment-large size-large wp-image-285\" alt=\"\" srcset=\"https:\/\/www.ladameblanche-knokke.be\/wp-content\/uploads\/2023\/11\/La-Dame-Blanche-15-1024x683.jpg 1024w, https:\/\/www.ladameblanche-knokke.be\/wp-content\/uploads\/2023\/11\/La-Dame-Blanche-15-300x200.jpg 300w, https:\/\/www.ladameblanche-knokke.be\/wp-content\/uploads\/2023\/11\/La-Dame-Blanche-15-768x512.jpg 768w, https:\/\/www.ladameblanche-knokke.be\/wp-content\/uploads\/2023\/11\/La-Dame-Blanche-15-1536x1024.jpg 1536w, https:\/\/www.ladameblanche-knokke.be\/wp-content\/uploads\/2023\/11\/La-Dame-Blanche-15.jpg 1800w\" sizes=\"(max-width: 800px) 100vw, 800px\" \/>\t\t\t\t\t\t\t\t\t\t\t\t\t\t\t<\/div>\n\t\t\t\t<\/div>\n\t\t\t\t<\/div>\n\t\t\t\t<\/div>\n\t\t\t\t<\/div>\n\t\t","protected":false},"excerpt":{"rendered":"<p>Adresse Lippenslaan 133, 8300 Knokke-Heist T\u00e9l\u00e9phone +32 50 60 71 79 E-mail ladameblanche@skynet.be TVA 0476541402 Heures d&rsquo;ouverture Lu, ma &#038; me: 12:00 &#8211; 14:30 &#038; 17:30 &#8211; 21:30 Jeudi Fermeture Ve, sa &#038; di: 12:00 &#8211; 14:30 &#038; 17:30 &#8211; 21:30<\/p>\n","protected":false},"author":1,"featured_media":0,"parent":0,"menu_order":0,"comment_status":"closed","ping_status":"closed","template":"","meta":{"footnotes":""},"class_list":["post-292","page","type-page","status-publish","hentry"],"yoast_head":"<!-- This site is optimized with the Yoast SEO plugin v27.0 - https:\/\/yoast.com\/product\/yoast-seo-wordpress\/ -->\n<title>Contact - La Dame Blanche<\/title>\n<meta name=\"description\" content=\"Notre \u00e9quipe se porte garante d\u2019un bon service dans une atrmosph\u00e8re agr\u00e9able. Un bon rapport qualit\u00e9-prix est essentiel pour nous.\" \/>\n<meta name=\"robots\" content=\"index, follow, max-snippet:-1, max-image-preview:large, max-video-preview:-1\" \/>\n<link rel=\"canonical\" href=\"https:\/\/www.ladameblanche-knokke.be\/fr\/contact\/\" \/>\n<meta property=\"og:locale\" content=\"fr_FR\" \/>\n<meta property=\"og:type\" content=\"article\" \/>\n<meta property=\"og:title\" content=\"Contact - La Dame Blanche\" \/>\n<meta property=\"og:description\" content=\"Notre \u00e9quipe se porte garante d\u2019un bon service dans une atrmosph\u00e8re agr\u00e9able. Un bon rapport qualit\u00e9-prix est essentiel pour nous.\" \/>\n<meta property=\"og:url\" content=\"https:\/\/www.ladameblanche-knokke.be\/fr\/contact\/\" \/>\n<meta property=\"og:site_name\" content=\"La Dame Blanche\" \/>\n<meta property=\"article:modified_time\" content=\"2023-11-15T19:32:03+00:00\" \/>\n<meta property=\"og:image\" content=\"https:\/\/www.ladameblanche-knokke.be\/wp-content\/uploads\/2023\/11\/La-Dame-Blanche-2-1024x683.jpg\" \/>\n<meta name=\"twitter:card\" content=\"summary_large_image\" \/>\n<script type=\"application\/ld+json\" class=\"yoast-schema-graph\">{\"@context\":\"https:\/\/schema.org\",\"@graph\":[{\"@type\":\"WebPage\",\"@id\":\"https:\/\/www.ladameblanche-knokke.be\/fr\/contact\/\",\"url\":\"https:\/\/www.ladameblanche-knokke.be\/fr\/contact\/\",\"name\":\"Contact - La Dame Blanche\",\"isPartOf\":{\"@id\":\"https:\/\/www.ladameblanche-knokke.be\/fr\/#website\"},\"primaryImageOfPage\":{\"@id\":\"https:\/\/www.ladameblanche-knokke.be\/fr\/contact\/#primaryimage\"},\"image\":{\"@id\":\"https:\/\/www.ladameblanche-knokke.be\/fr\/contact\/#primaryimage\"},\"thumbnailUrl\":\"https:\/\/www.ladameblanche-knokke.be\/wp-content\/uploads\/2023\/11\/La-Dame-Blanche-2-1024x683.jpg\",\"datePublished\":\"2023-11-09T06:03:00+00:00\",\"dateModified\":\"2023-11-15T19:32:03+00:00\",\"description\":\"Notre \u00e9quipe se porte garante d\u2019un bon service dans une atrmosph\u00e8re agr\u00e9able. Un bon rapport qualit\u00e9-prix est essentiel pour nous.\",\"breadcrumb\":{\"@id\":\"https:\/\/www.ladameblanche-knokke.be\/fr\/contact\/#breadcrumb\"},\"inLanguage\":\"fr-BE\",\"potentialAction\":[{\"@type\":\"ReadAction\",\"target\":[\"https:\/\/www.ladameblanche-knokke.be\/fr\/contact\/\"]}]},{\"@type\":\"ImageObject\",\"inLanguage\":\"fr-BE\",\"@id\":\"https:\/\/www.ladameblanche-knokke.be\/fr\/contact\/#primaryimage\",\"url\":\"https:\/\/www.ladameblanche-knokke.be\/wp-content\/uploads\/2023\/11\/La-Dame-Blanche-2-1024x683.jpg\",\"contentUrl\":\"https:\/\/www.ladameblanche-knokke.be\/wp-content\/uploads\/2023\/11\/La-Dame-Blanche-2-1024x683.jpg\"},{\"@type\":\"BreadcrumbList\",\"@id\":\"https:\/\/www.ladameblanche-knokke.be\/fr\/contact\/#breadcrumb\",\"itemListElement\":[{\"@type\":\"ListItem\",\"position\":1,\"name\":\"Home\",\"item\":\"https:\/\/www.ladameblanche-knokke.be\/fr\/\"},{\"@type\":\"ListItem\",\"position\":2,\"name\":\"Contact\"}]},{\"@type\":\"WebSite\",\"@id\":\"https:\/\/www.ladameblanche-knokke.be\/fr\/#website\",\"url\":\"https:\/\/www.ladameblanche-knokke.be\/fr\/\",\"name\":\"La Dame Blanche\",\"description\":\"En nog een WordPress website\",\"publisher\":{\"@id\":\"https:\/\/www.ladameblanche-knokke.be\/fr\/#organization\"},\"potentialAction\":[{\"@type\":\"SearchAction\",\"target\":{\"@type\":\"EntryPoint\",\"urlTemplate\":\"https:\/\/www.ladameblanche-knokke.be\/fr\/?s={search_term_string}\"},\"query-input\":{\"@type\":\"PropertyValueSpecification\",\"valueRequired\":true,\"valueName\":\"search_term_string\"}}],\"inLanguage\":\"fr-BE\"},{\"@type\":\"Organization\",\"@id\":\"https:\/\/www.ladameblanche-knokke.be\/fr\/#organization\",\"name\":\"La Dame Blanche\",\"url\":\"https:\/\/www.ladameblanche-knokke.be\/fr\/\",\"logo\":{\"@type\":\"ImageObject\",\"inLanguage\":\"fr-BE\",\"@id\":\"https:\/\/www.ladameblanche-knokke.be\/fr\/#\/schema\/logo\/image\/\",\"url\":\"https:\/\/www.ladameblanche-knokke.be\/wp-content\/uploads\/2023\/11\/LDB_Logo.jpg\",\"contentUrl\":\"https:\/\/www.ladameblanche-knokke.be\/wp-content\/uploads\/2023\/11\/LDB_Logo.jpg\",\"width\":900,\"height\":900,\"caption\":\"La Dame Blanche\"},\"image\":{\"@id\":\"https:\/\/www.ladameblanche-knokke.be\/fr\/#\/schema\/logo\/image\/\"}}]}<\/script>\n<!-- \/ Yoast SEO plugin. -->","yoast_head_json":{"title":"Contact - La Dame Blanche","description":"Notre \u00e9quipe se porte garante d\u2019un bon service dans une atrmosph\u00e8re agr\u00e9able. Un bon rapport qualit\u00e9-prix est essentiel pour nous.","robots":{"index":"index","follow":"follow","max-snippet":"max-snippet:-1","max-image-preview":"max-image-preview:large","max-video-preview":"max-video-preview:-1"},"canonical":"https:\/\/www.ladameblanche-knokke.be\/fr\/contact\/","og_locale":"fr_FR","og_type":"article","og_title":"Contact - La Dame Blanche","og_description":"Notre \u00e9quipe se porte garante d\u2019un bon service dans une atrmosph\u00e8re agr\u00e9able. Un bon rapport qualit\u00e9-prix est essentiel pour nous.","og_url":"https:\/\/www.ladameblanche-knokke.be\/fr\/contact\/","og_site_name":"La Dame Blanche","article_modified_time":"2023-11-15T19:32:03+00:00","og_image":[{"url":"https:\/\/www.ladameblanche-knokke.be\/wp-content\/uploads\/2023\/11\/La-Dame-Blanche-2-1024x683.jpg","type":"","width":"","height":""}],"twitter_card":"summary_large_image","schema":{"@context":"https:\/\/schema.org","@graph":[{"@type":"WebPage","@id":"https:\/\/www.ladameblanche-knokke.be\/fr\/contact\/","url":"https:\/\/www.ladameblanche-knokke.be\/fr\/contact\/","name":"Contact - La Dame Blanche","isPartOf":{"@id":"https:\/\/www.ladameblanche-knokke.be\/fr\/#website"},"primaryImageOfPage":{"@id":"https:\/\/www.ladameblanche-knokke.be\/fr\/contact\/#primaryimage"},"image":{"@id":"https:\/\/www.ladameblanche-knokke.be\/fr\/contact\/#primaryimage"},"thumbnailUrl":"https:\/\/www.ladameblanche-knokke.be\/wp-content\/uploads\/2023\/11\/La-Dame-Blanche-2-1024x683.jpg","datePublished":"2023-11-09T06:03:00+00:00","dateModified":"2023-11-15T19:32:03+00:00","description":"Notre \u00e9quipe se porte garante d\u2019un bon service dans une atrmosph\u00e8re agr\u00e9able. Un bon rapport qualit\u00e9-prix est essentiel pour nous.","breadcrumb":{"@id":"https:\/\/www.ladameblanche-knokke.be\/fr\/contact\/#breadcrumb"},"inLanguage":"fr-BE","potentialAction":[{"@type":"ReadAction","target":["https:\/\/www.ladameblanche-knokke.be\/fr\/contact\/"]}]},{"@type":"ImageObject","inLanguage":"fr-BE","@id":"https:\/\/www.ladameblanche-knokke.be\/fr\/contact\/#primaryimage","url":"https:\/\/www.ladameblanche-knokke.be\/wp-content\/uploads\/2023\/11\/La-Dame-Blanche-2-1024x683.jpg","contentUrl":"https:\/\/www.ladameblanche-knokke.be\/wp-content\/uploads\/2023\/11\/La-Dame-Blanche-2-1024x683.jpg"},{"@type":"BreadcrumbList","@id":"https:\/\/www.ladameblanche-knokke.be\/fr\/contact\/#breadcrumb","itemListElement":[{"@type":"ListItem","position":1,"name":"Home","item":"https:\/\/www.ladameblanche-knokke.be\/fr\/"},{"@type":"ListItem","position":2,"name":"Contact"}]},{"@type":"WebSite","@id":"https:\/\/www.ladameblanche-knokke.be\/fr\/#website","url":"https:\/\/www.ladameblanche-knokke.be\/fr\/","name":"La Dame Blanche","description":"En nog een WordPress website","publisher":{"@id":"https:\/\/www.ladameblanche-knokke.be\/fr\/#organization"},"potentialAction":[{"@type":"SearchAction","target":{"@type":"EntryPoint","urlTemplate":"https:\/\/www.ladameblanche-knokke.be\/fr\/?s={search_term_string}"},"query-input":{"@type":"PropertyValueSpecification","valueRequired":true,"valueName":"search_term_string"}}],"inLanguage":"fr-BE"},{"@type":"Organization","@id":"https:\/\/www.ladameblanche-knokke.be\/fr\/#organization","name":"La Dame Blanche","url":"https:\/\/www.ladameblanche-knokke.be\/fr\/","logo":{"@type":"ImageObject","inLanguage":"fr-BE","@id":"https:\/\/www.ladameblanche-knokke.be\/fr\/#\/schema\/logo\/image\/","url":"https:\/\/www.ladameblanche-knokke.be\/wp-content\/uploads\/2023\/11\/LDB_Logo.jpg","contentUrl":"https:\/\/www.ladameblanche-knokke.be\/wp-content\/uploads\/2023\/11\/LDB_Logo.jpg","width":900,"height":900,"caption":"La Dame Blanche"},"image":{"@id":"https:\/\/www.ladameblanche-knokke.be\/fr\/#\/schema\/logo\/image\/"}}]}},"_links":{"self":[{"href":"https:\/\/www.ladameblanche-knokke.be\/fr\/wp-json\/wp\/v2\/pages\/292","targetHints":{"allow":["GET"]}}],"collection":[{"href":"https:\/\/www.ladameblanche-knokke.be\/fr\/wp-json\/wp\/v2\/pages"}],"about":[{"href":"https:\/\/www.ladameblanche-knokke.be\/fr\/wp-json\/wp\/v2\/types\/page"}],"author":[{"embeddable":true,"href":"https:\/\/www.ladameblanche-knokke.be\/fr\/wp-json\/wp\/v2\/users\/1"}],"replies":[{"embeddable":true,"href":"https:\/\/www.ladameblanche-knokke.be\/fr\/wp-json\/wp\/v2\/comments?post=292"}],"version-history":[{"count":1,"href":"https:\/\/www.ladameblanche-knokke.be\/fr\/wp-json\/wp\/v2\/pages\/292\/revisions"}],"predecessor-version":[{"id":293,"href":"https:\/\/www.ladameblanche-knokke.be\/fr\/wp-json\/wp\/v2\/pages\/292\/revisions\/293"}],"wp:attachment":[{"href":"https:\/\/www.ladameblanche-knokke.be\/fr\/wp-json\/wp\/v2\/media?parent=292"}],"curies":[{"name":"wp","href":"https:\/\/api.w.org\/{rel}","templated":true}]}}